{"id":85,"date":"2020-03-17T13:46:09","date_gmt":"2020-03-17T13:46:09","guid":{"rendered":"https:\/\/kafepanorama.com\/?page_id=85"},"modified":"2020-07-17T13:34:52","modified_gmt":"2020-07-17T13:34:52","slug":"promo","status":"publish","type":"page","link":"https:\/\/kafepanorama.com\/?page_id=85","title":{"rendered":"Promo"},"content":{"rendered":"\n<p><strong>Prvi radni dan kroz objektiv Nata\u0161e Pajki\u0107!<\/strong><\/p>\n\n\n\n<p class=\"has-text-align-center\"><iframe loading=\"lazy\" src=\"https:\/\/www.youtube.com\/embed\/PixeHvmqgb8\" allow=\"accelerometer; autoplay; encrypted-media; gyroscope; picture-in-picture\" allowfullscreen=\"\" width=\"560\" height=\"315\" frameborder=\"0\"><\/iframe><\/p>\n\n\n\n<p><strong>Proslava ro\u0111endana u Kafe Panorama 360!<\/strong><\/p>\n\n\n\n<p class=\"has-text-align-center\"><iframe loading=\"lazy\" src=\"https:\/\/www.youtube.com\/embed\/IHBTXFA-YYA\" allow=\"accelerometer; autoplay; encrypted-media; gyroscope; picture-in-picture\" allowfullscreen=\"\" width=\"560\" height=\"315\" frameborder=\"0\"><\/p>\n\n\n\n<p>Video o izradi novog menija!<\/p>\n\n\n\n<p class=\"has-text-align-center\"><iframe loading=\"lazy\" src=\"https:\/\/www.youtube.com\/embed\/MwxT5hIZVH0\" allow=\"accelerometer; autoplay; encrypted-media; gyroscope; picture-in-picture\" allowfullscreen=\"\" width=\"560\" height=\"315\" frameborder=\"0\"><\/iframe><\/p>\n","protected":false},"excerpt":{"rendered":"<p>Prvi radni dan kroz objektiv Nata\u0161e Pajki\u0107! Proslava ro\u0111endana u Kafe Panorama 360! Video o izradi novog menija!<\/p>\n","protected":false},"author":1,"featured_media":0,"parent":0,"menu_order":0,"comment_status":"closed","ping_status":"closed","template":"","meta":[],"_links":{"self":[{"href":"https:\/\/kafepanorama.com\/index.php?rest_route=\/wp\/v2\/pages\/85"}],"collection":[{"href":"https:\/\/kafepanorama.com\/index.php?rest_route=\/wp\/v2\/pages"}],"about":[{"href":"https:\/\/kafepanorama.com\/index.php?rest_route=\/wp\/v2\/types\/page"}],"author":[{"embeddable":true,"href":"https:\/\/kafepanorama.com\/index.php?rest_route=\/wp\/v2\/users\/1"}],"replies":[{"embeddable":true,"href":"https:\/\/kafepanorama.com\/index.php?rest_route=%2Fwp%2Fv2%2Fcomments&post=85"}],"version-history":[{"count":3,"href":"https:\/\/kafepanorama.com\/index.php?rest_route=\/wp\/v2\/pages\/85\/revisions"}],"predecessor-version":[{"id":376,"href":"https:\/\/kafepanorama.com\/index.php?rest_route=\/wp\/v2\/pages\/85\/revisions\/376"}],"wp:attachment":[{"href":"https:\/\/kafepanorama.com\/index.php?rest_route=%2Fwp%2Fv2%2Fmedia&parent=85"}],"curies":[{"name":"wp","href":"https:\/\/api.w.org\/{rel}","templated":true}]}}