{"id":671,"date":"2021-09-01T17:30:54","date_gmt":"2021-09-01T17:30:54","guid":{"rendered":"https:\/\/kafepanorama.com\/?page_id=671"},"modified":"2021-09-01T17:30:54","modified_gmt":"2021-09-01T17:30:54","slug":"slika-5","status":"publish","type":"page","link":"https:\/\/kafepanorama.com\/?page_id=671","title":{"rendered":"Slika 5"},"content":{"rendered":"\n<div class=\"wp-block-image\"><figure class=\"aligncenter size-large is-resized\"><img decoding=\"async\" loading=\"lazy\" src=\"https:\/\/kafepanorama.com\/wp-content\/uploads\/2021\/09\/3ulje-na-platnu-50x60cm-1024x863.jpg\" alt=\"\" class=\"wp-image-643\" width=\"519\" height=\"436\" srcset=\"https:\/\/kafepanorama.com\/wp-content\/uploads\/2021\/09\/3ulje-na-platnu-50x60cm-1024x863.jpg 1024w, https:\/\/kafepanorama.com\/wp-content\/uploads\/2021\/09\/3ulje-na-platnu-50x60cm-300x253.jpg 300w, https:\/\/kafepanorama.com\/wp-content\/uploads\/2021\/09\/3ulje-na-platnu-50x60cm-768x647.jpg 768w, https:\/\/kafepanorama.com\/wp-content\/uploads\/2021\/09\/3ulje-na-platnu-50x60cm.jpg 1200w\" sizes=\"(max-width: 519px) 100vw, 519px\" \/><\/figure><\/div>\n\n\n\n<p>autor: <a href=\"https:\/\/kafepanorama.com\/?page_id=625\"><strong>Barbara \u0110oki\u0107<\/strong><\/a><\/p>\n\n\n\n<p>dimenzija: 50\u00d760<\/p>\n\n\n\n<p>cena: 200 \u20ac<\/p>\n","protected":false},"excerpt":{"rendered":"<p>autor: Barbara \u0110oki\u0107 dimenzija: 50\u00d760 cena: 200 \u20ac<\/p>\n","protected":false},"author":1,"featured_media":0,"parent":0,"menu_order":0,"comment_status":"closed","ping_status":"closed","template":"","meta":[],"_links":{"self":[{"href":"https:\/\/kafepanorama.com\/index.php?rest_route=\/wp\/v2\/pages\/671"}],"collection":[{"href":"https:\/\/kafepanorama.com\/index.php?rest_route=\/wp\/v2\/pages"}],"about":[{"href":"https:\/\/kafepanorama.com\/index.php?rest_route=\/wp\/v2\/types\/page"}],"author":[{"embeddable":true,"href":"https:\/\/kafepanorama.com\/index.php?rest_route=\/wp\/v2\/users\/1"}],"replies":[{"embeddable":true,"href":"https:\/\/kafepanorama.com\/index.php?rest_route=%2Fwp%2Fv2%2Fcomments&post=671"}],"version-history":[{"count":1,"href":"https:\/\/kafepanorama.com\/index.php?rest_route=\/wp\/v2\/pages\/671\/revisions"}],"predecessor-version":[{"id":672,"href":"https:\/\/kafepanorama.com\/index.php?rest_route=\/wp\/v2\/pages\/671\/revisions\/672"}],"wp:attachment":[{"href":"https:\/\/kafepanorama.com\/index.php?rest_route=%2Fwp%2Fv2%2Fmedia&parent=671"}],"curies":[{"name":"wp","href":"https:\/\/api.w.org\/{rel}","templated":true}]}}