{"id":625,"date":"2021-09-01T16:45:49","date_gmt":"2021-09-01T16:45:49","guid":{"rendered":"https:\/\/kafepanorama.com\/?page_id=625"},"modified":"2021-09-04T13:19:02","modified_gmt":"2021-09-04T13:19:02","slug":"barbara-djokic","status":"publish","type":"page","link":"https:\/\/kafepanorama.com\/?page_id=625","title":{"rendered":"Barbara \u0110oki\u0107"},"content":{"rendered":"\n<div class=\"wp-block-image\"><figure class=\"alignleft size-full is-resized\"><img decoding=\"async\" loading=\"lazy\" src=\"https:\/\/kafepanorama.com\/wp-content\/uploads\/2021\/09\/barbara.jpg\" alt=\"\" class=\"wp-image-628\" width=\"261\" height=\"201\" srcset=\"https:\/\/kafepanorama.com\/wp-content\/uploads\/2021\/09\/barbara.jpg 711w, https:\/\/kafepanorama.com\/wp-content\/uploads\/2021\/09\/barbara-300x231.jpg 300w\" sizes=\"(max-width: 261px) 100vw, 261px\" \/><\/figure><\/div>\n\n\n\n<p>Ro\u0111ena 11.04.1995. godine u Jagodini. <\/p>\n\n\n\n<p>Godine 2013. zavr\u0161ila je \u0160kolu za dizajn u Beogradu, smer Grafi\u010dki dizajn.<\/p>\n\n\n\n<p>Na Fakultetu primenjenih umetnosti, odsek Primenjeno slikarstvo, u klasi profesora Nikole Bo\u017eovi\u0107a  diplomirala je 2017. godine.  <\/p>\n\n\n\n<p>Godine 2018. je zavr\u0161ila master studije na Fakultetu primenjenih umetnosti, odsek primenjeno slikarstvo, u klasi profesora NIkole Bo\u017eovi\u0107a.<\/p>\n\n\n\n<p>Izlagala na vi\u0161e kolektivnih izlo\u017ebi. U\u010destvovala na likovnim kolonijama i umetni\u010dkim manifestacijama u Srbiji i inostranstvu. Dobitnica je nagrade \u201eMom\u010dilo Moma Markovi\u0107\u201c za najbolji crte\u017e malog formata, Fakulteta primenjenih umetnosti, 2015\/2016.<\/p>\n\n\n\n<p>Dobitnica stipendija Ministarstva prosvete, nauke i tehnolo\u0161kog razvoja i Fonda za mlade talente Republike Srbije \u201eDositeja\u201d.<\/p>\n\n\n\n<p><strong>KOLEKTIVNE IZLO\u017dBE:<\/strong><\/p>\n\n\n\n<p>2021.<\/p>\n\n\n\n<p>&#8211; Ilustrofest 2021., Kalemegdanska tvr\u0111ava<\/p>\n\n\n\n<p>2019.<\/p>\n\n\n\n<p>&#8211; Galerija Op\u0161tine Vra\u010dar, izlo\u017eba \u201cBum generacija milenijalaca\u201d<\/p>\n\n\n\n<p>2018.<\/p>\n\n\n\n<p>&#8211;&nbsp;&nbsp; Filmska galerija, Kulturni centar Beograda, Izlo\u017eba \u201cNestali\u201d<\/p>\n\n\n\n<p>&#8211;&nbsp; Paviljon Cvijeta Zuzori\u0107, kolektivna izlo\u017eba \u201cTrijenale crte\u017ea i male plastike\u201d<\/p>\n\n\n\n<p>&#8211; Velika galerija \u201cKvake 22\u201c, Beograd, grupna izlo\u017eba \u201eTra\u017eenja\u201c<\/p>\n\n\n\n<p>&#8211; Art centar Beograd, Kulturni centar Novog Sada, Kulturni centar&nbsp; Pan\u010deva , Muzej Srema, Sremska Mitrovica, &nbsp;kolektivna izlo\u017eba \u201c30&#215;30\u201d<\/p>\n\n\n\n<p>2017.<\/p>\n\n\n\n<p>&#8211; Bar-galerija \u201eLaf\u201c, Beograd, izlo\u017eba \u201eHumans of now\u201c<\/p>\n\n\n\n<p>&#8211; Umetni\u010dki paviljon \u201eCvijeta Zuzori\u0107\u201c, Beograd, Izlo\u017eba studenata FPU, odsek Primenjeno slikarstvo<\/p>\n\n\n\n<p>&#8211; Galerija Kombank Art hol, Beograd, izlo\u017eba \u201eRadosti moja\u201c, Izlo\u017eba studenata odseka Primenjeno slikarstvo, FPU<\/p>\n\n\n\n<p>&#8211; Galerija \u201e\u0160tab\u201c, Beograd, izlo\u017eba \u201eKlasanavodi\u201c<\/p>\n\n\n\n<p>&#8211; Galerija \u201eProcess\u201c, Beograd, izlo\u017eba \u201eAkt, not acting\u201c<\/p>\n\n\n\n<p>2016.<\/p>\n\n\n\n<p>&#8211; Galerija Kombank Art hol, Beograd, izlo\u017eba \u201eZgrafito, autoportret-portret\u201c (kolektivna izlo\u017eba studenata Fakulteta Primenjenih umetnosti, u okviru predmeta Osnovi monumentalnog slikarstva)<\/p>\n\n\n\n<p>&#8211; Galerija Kulturnog centra Jagodina, izlo\u017eba \u201eZgrafito, autoportret-portret\u201c (kolektivna izlo\u017eba studenata Fakulteta Primenjenih umetnosti, u okviru predmeta Osnovi monumentalnog slikarstva)<\/p>\n\n\n\n<p>&#8211; \u201eFirst +\u201c, Beograd, umetni\u010dkaradionica, u saradnji sa studentima i profesorima sa Univerziteta umetnosti u Istambulu<\/p>\n\n\n\n<p>2015.<\/p>\n\n\n\n<p>&#8211; \u201eFestum\u201c, Studentski kulturnicentar, Beograd<\/p>\n\n\n\n<p>&#8211; Galerija Kombank Art hol, Beograd (Kolektivna izlo\u017eba studenata Fakulteta primenjenih umetnosti, u okviru predmeta Slikarske tehnike)<\/p>\n\n\n\n<p>&#8211; Galerija Beogradske tvr\u0111ave, Stambol kapija, Gornji grad, (Kolektivna izlo\u017eba studenata Fakulteta primenjenih umetnosti, u okviru predmeta Slikarske tehnike)<\/p>\n\n\n\n<p><strong>Radovi izlo\u017eeni u Kafe Panorami:<\/strong><\/p>\n\n\n\n<ul><li><strong><a href=\"https:\/\/kafepanorama.com\/?page_id=661\" data-type=\"page\" data-id=\"661\">Slika 1<\/a><\/strong><\/li><li><strong><a href=\"https:\/\/kafepanorama.com\/?page_id=664\">Slika 2<\/a><\/strong><\/li><li><strong><a href=\"https:\/\/kafepanorama.com\/?page_id=667\" data-type=\"page\" data-id=\"667\">Slika 3<\/a><\/strong><\/li><li><strong><a href=\"https:\/\/kafepanorama.com\/?page_id=669\" data-type=\"page\" data-id=\"669\">Slika 4<\/a><\/strong><\/li><li><strong><a href=\"https:\/\/kafepanorama.com\/?page_id=671\" data-type=\"page\" data-id=\"671\">Slika 5<\/a><\/strong><\/li><li><strong>Slika 6<\/strong><\/li><li><strong><a href=\"https:\/\/kafepanorama.com\/?page_id=679\" data-type=\"page\" data-id=\"679\">Slika 7<\/a><\/strong><\/li><\/ul>\n","protected":false},"excerpt":{"rendered":"<p>Ro\u0111ena 11.04.1995. godine u Jagodini. Godine 2013. zavr\u0161ila je \u0160kolu za dizajn u Beogradu, smer Grafi\u010dki dizajn. Na Fakultetu primenjenih umetnosti, odsek Primenjeno slikarstvo, u&hellip;<\/p>\n","protected":false},"author":1,"featured_media":0,"parent":0,"menu_order":0,"comment_status":"closed","ping_status":"closed","template":"","meta":[],"_links":{"self":[{"href":"https:\/\/kafepanorama.com\/index.php?rest_route=\/wp\/v2\/pages\/625"}],"collection":[{"href":"https:\/\/kafepanorama.com\/index.php?rest_route=\/wp\/v2\/pages"}],"about":[{"href":"https:\/\/kafepanorama.com\/index.php?rest_route=\/wp\/v2\/types\/page"}],"author":[{"embeddable":true,"href":"https:\/\/kafepanorama.com\/index.php?rest_route=\/wp\/v2\/users\/1"}],"replies":[{"embeddable":true,"href":"https:\/\/kafepanorama.com\/index.php?rest_route=%2Fwp%2Fv2%2Fcomments&post=625"}],"version-history":[{"count":16,"href":"https:\/\/kafepanorama.com\/index.php?rest_route=\/wp\/v2\/pages\/625\/revisions"}],"predecessor-version":[{"id":682,"href":"https:\/\/kafepanorama.com\/index.php?rest_route=\/wp\/v2\/pages\/625\/revisions\/682"}],"wp:attachment":[{"href":"https:\/\/kafepanorama.com\/index.php?rest_route=%2Fwp%2Fv2%2Fmedia&parent=625"}],"curies":[{"name":"wp","href":"https:\/\/api.w.org\/{rel}","templated":true}]}}