{"id":482,"date":"2020-08-01T14:00:35","date_gmt":"2020-08-01T14:00:35","guid":{"rendered":"https:\/\/kafepanorama.com\/?page_id=482"},"modified":"2021-08-19T12:42:09","modified_gmt":"2021-08-19T12:42:09","slug":"sazvezdje","status":"publish","type":"page","link":"https:\/\/kafepanorama.com\/?page_id=482","title":{"rendered":"Sazve\u017e\u0111e"},"content":{"rendered":"\n<div class=\"wp-block-image\"><figure class=\"aligncenter size-large\"><img decoding=\"async\" loading=\"lazy\" width=\"521\" height=\"702\" src=\"https:\/\/kafepanorama.com\/wp-content\/uploads\/2020\/08\/sazvezdje.jpg\" alt=\"\" class=\"wp-image-486\" srcset=\"https:\/\/kafepanorama.com\/wp-content\/uploads\/2020\/08\/sazvezdje.jpg 521w, https:\/\/kafepanorama.com\/wp-content\/uploads\/2020\/08\/sazvezdje-223x300.jpg 223w\" sizes=\"(max-width: 521px) 100vw, 521px\" \/><\/figure><\/div>\n\n\n\n<p>autor: <a href=\"https:\/\/kafepanorama.com\/?page_id=387\">Du\u0161ko Bojani\u0107<\/a><\/p>\n\n\n\n<p>dimenzije: 100\u00d770 cm<\/p>\n\n\n\n<p>tehnika: uljani pastel<\/p>\n\n\n\n<p>naziv: Sazve\u017e\u0111e<\/p>\n\n\n\n<p>cena: 230 \u20ac  (PRODATO!) <\/p>\n","protected":false},"excerpt":{"rendered":"<p>autor: Du\u0161ko Bojani\u0107 dimenzije: 100\u00d770 cm tehnika: uljani pastel naziv: Sazve\u017e\u0111e cena: 230 \u20ac (PRODATO!)<\/p>\n","protected":false},"author":1,"featured_media":0,"parent":0,"menu_order":0,"comment_status":"closed","ping_status":"closed","template":"","meta":[],"_links":{"self":[{"href":"https:\/\/kafepanorama.com\/index.php?rest_route=\/wp\/v2\/pages\/482"}],"collection":[{"href":"https:\/\/kafepanorama.com\/index.php?rest_route=\/wp\/v2\/pages"}],"about":[{"href":"https:\/\/kafepanorama.com\/index.php?rest_route=\/wp\/v2\/types\/page"}],"author":[{"embeddable":true,"href":"https:\/\/kafepanorama.com\/index.php?rest_route=\/wp\/v2\/users\/1"}],"replies":[{"embeddable":true,"href":"https:\/\/kafepanorama.com\/index.php?rest_route=%2Fwp%2Fv2%2Fcomments&post=482"}],"version-history":[{"count":3,"href":"https:\/\/kafepanorama.com\/index.php?rest_route=\/wp\/v2\/pages\/482\/revisions"}],"predecessor-version":[{"id":621,"href":"https:\/\/kafepanorama.com\/index.php?rest_route=\/wp\/v2\/pages\/482\/revisions\/621"}],"wp:attachment":[{"href":"https:\/\/kafepanorama.com\/index.php?rest_route=%2Fwp%2Fv2%2Fmedia&parent=482"}],"curies":[{"name":"wp","href":"https:\/\/api.w.org\/{rel}","templated":true}]}}