{"id":474,"date":"2020-08-01T10:56:44","date_gmt":"2020-08-01T10:56:44","guid":{"rendered":"https:\/\/kafepanorama.com\/?page_id=474"},"modified":"2020-08-01T10:56:44","modified_gmt":"2020-08-01T10:56:44","slug":"jesen","status":"publish","type":"page","link":"https:\/\/kafepanorama.com\/?page_id=474","title":{"rendered":"Jesen"},"content":{"rendered":"\n<div class=\"wp-block-image\"><figure class=\"aligncenter size-large\"><img decoding=\"async\" loading=\"lazy\" width=\"505\" height=\"633\" src=\"https:\/\/kafepanorama.com\/wp-content\/uploads\/2020\/08\/Jesen.jpg\" alt=\"\" class=\"wp-image-475\" srcset=\"https:\/\/kafepanorama.com\/wp-content\/uploads\/2020\/08\/Jesen.jpg 505w, https:\/\/kafepanorama.com\/wp-content\/uploads\/2020\/08\/Jesen-239x300.jpg 239w\" sizes=\"(max-width: 505px) 100vw, 505px\" \/><\/figure><\/div>\n\n\n\n<p>autor: <a href=\"https:\/\/kafepanorama.com\/?page_id=387\">Du\u0161ko Bojani\u0107<\/a><\/p>\n\n\n\n<p>dimenzije: 100\u00d770 cm<\/p>\n\n\n\n<p>tehnika: uljani pastel<\/p>\n\n\n\n<p>naziv: Jesen<\/p>\n\n\n\n<p>cena: 350 \u20ac<\/p>\n","protected":false},"excerpt":{"rendered":"<p>autor: Du\u0161ko Bojani\u0107 dimenzije: 100\u00d770 cm tehnika: uljani pastel naziv: Jesen cena: 350 \u20ac<\/p>\n","protected":false},"author":1,"featured_media":0,"parent":0,"menu_order":0,"comment_status":"closed","ping_status":"closed","template":"","meta":[],"_links":{"self":[{"href":"https:\/\/kafepanorama.com\/index.php?rest_route=\/wp\/v2\/pages\/474"}],"collection":[{"href":"https:\/\/kafepanorama.com\/index.php?rest_route=\/wp\/v2\/pages"}],"about":[{"href":"https:\/\/kafepanorama.com\/index.php?rest_route=\/wp\/v2\/types\/page"}],"author":[{"embeddable":true,"href":"https:\/\/kafepanorama.com\/index.php?rest_route=\/wp\/v2\/users\/1"}],"replies":[{"embeddable":true,"href":"https:\/\/kafepanorama.com\/index.php?rest_route=%2Fwp%2Fv2%2Fcomments&post=474"}],"version-history":[{"count":1,"href":"https:\/\/kafepanorama.com\/index.php?rest_route=\/wp\/v2\/pages\/474\/revisions"}],"predecessor-version":[{"id":476,"href":"https:\/\/kafepanorama.com\/index.php?rest_route=\/wp\/v2\/pages\/474\/revisions\/476"}],"wp:attachment":[{"href":"https:\/\/kafepanorama.com\/index.php?rest_route=%2Fwp%2Fv2%2Fmedia&parent=474"}],"curies":[{"name":"wp","href":"https:\/\/api.w.org\/{rel}","templated":true}]}}