{"id":463,"date":"2020-08-01T10:21:10","date_gmt":"2020-08-01T10:21:10","guid":{"rendered":"https:\/\/kafepanorama.com\/?page_id=463"},"modified":"2020-08-01T10:21:11","modified_gmt":"2020-08-01T10:21:11","slug":"kanjon","status":"publish","type":"page","link":"https:\/\/kafepanorama.com\/?page_id=463","title":{"rendered":"Kanjon"},"content":{"rendered":"\n<div class=\"wp-block-image\"><figure class=\"aligncenter size-large\"><img decoding=\"async\" loading=\"lazy\" width=\"482\" height=\"596\" src=\"https:\/\/kafepanorama.com\/wp-content\/uploads\/2020\/08\/Kanjon.jpg\" alt=\"\" class=\"wp-image-464\" srcset=\"https:\/\/kafepanorama.com\/wp-content\/uploads\/2020\/08\/Kanjon.jpg 482w, https:\/\/kafepanorama.com\/wp-content\/uploads\/2020\/08\/Kanjon-243x300.jpg 243w\" sizes=\"(max-width: 482px) 100vw, 482px\" \/><\/figure><\/div>\n\n\n\n<p>autor: <a href=\"https:\/\/kafepanorama.com\/?page_id=387\">Du\u0161ko Bojani\u0107<\/a><\/p>\n\n\n\n<p>dimenzije: 90\u00d770 cm<\/p>\n\n\n\n<p>tehnika: uljani pastel<\/p>\n\n\n\n<p>naziv: Kanjon<\/p>\n\n\n\n<p>cena: 340 \u20ac<\/p>\n","protected":false},"excerpt":{"rendered":"<p>autor: Du\u0161ko Bojani\u0107 dimenzije: 90\u00d770 cm tehnika: uljani pastel naziv: Kanjon cena: 340 \u20ac<\/p>\n","protected":false},"author":1,"featured_media":0,"parent":0,"menu_order":0,"comment_status":"closed","ping_status":"closed","template":"","meta":[],"_links":{"self":[{"href":"https:\/\/kafepanorama.com\/index.php?rest_route=\/wp\/v2\/pages\/463"}],"collection":[{"href":"https:\/\/kafepanorama.com\/index.php?rest_route=\/wp\/v2\/pages"}],"about":[{"href":"https:\/\/kafepanorama.com\/index.php?rest_route=\/wp\/v2\/types\/page"}],"author":[{"embeddable":true,"href":"https:\/\/kafepanorama.com\/index.php?rest_route=\/wp\/v2\/users\/1"}],"replies":[{"embeddable":true,"href":"https:\/\/kafepanorama.com\/index.php?rest_route=%2Fwp%2Fv2%2Fcomments&post=463"}],"version-history":[{"count":1,"href":"https:\/\/kafepanorama.com\/index.php?rest_route=\/wp\/v2\/pages\/463\/revisions"}],"predecessor-version":[{"id":466,"href":"https:\/\/kafepanorama.com\/index.php?rest_route=\/wp\/v2\/pages\/463\/revisions\/466"}],"wp:attachment":[{"href":"https:\/\/kafepanorama.com\/index.php?rest_route=%2Fwp%2Fv2%2Fmedia&parent=463"}],"curies":[{"name":"wp","href":"https:\/\/api.w.org\/{rel}","templated":true}]}}