{"id":458,"date":"2020-08-01T10:18:54","date_gmt":"2020-08-01T10:18:54","guid":{"rendered":"https:\/\/kafepanorama.com\/?page_id=458"},"modified":"2020-08-01T10:18:54","modified_gmt":"2020-08-01T10:18:54","slug":"sletanje","status":"publish","type":"page","link":"https:\/\/kafepanorama.com\/?page_id=458","title":{"rendered":"Sletanje"},"content":{"rendered":"\n<div class=\"wp-block-image\"><figure class=\"aligncenter size-large\"><img decoding=\"async\" loading=\"lazy\" width=\"479\" height=\"601\" src=\"https:\/\/kafepanorama.com\/wp-content\/uploads\/2020\/08\/Sletanje.jpg\" alt=\"\" class=\"wp-image-459\" srcset=\"https:\/\/kafepanorama.com\/wp-content\/uploads\/2020\/08\/Sletanje.jpg 479w, https:\/\/kafepanorama.com\/wp-content\/uploads\/2020\/08\/Sletanje-239x300.jpg 239w\" sizes=\"(max-width: 479px) 100vw, 479px\" \/><\/figure><\/div>\n\n\n\n<p>autor: <a href=\"https:\/\/kafepanorama.com\/?page_id=387\">Du\u0161ko Bojani\u0107<\/a><\/p>\n\n\n\n<p>dimenzije: 100\u00d770 cm<\/p>\n\n\n\n<p>tehnika: uljani pastel<\/p>\n\n\n\n<p>naziv: Sletanje<\/p>\n\n\n\n<p>cena: 445 \u20ac<\/p>\n","protected":false},"excerpt":{"rendered":"<p>autor: Du\u0161ko Bojani\u0107 dimenzije: 100\u00d770 cm tehnika: uljani pastel naziv: Sletanje cena: 445 \u20ac<\/p>\n","protected":false},"author":1,"featured_media":0,"parent":0,"menu_order":0,"comment_status":"closed","ping_status":"closed","template":"","meta":[],"_links":{"self":[{"href":"https:\/\/kafepanorama.com\/index.php?rest_route=\/wp\/v2\/pages\/458"}],"collection":[{"href":"https:\/\/kafepanorama.com\/index.php?rest_route=\/wp\/v2\/pages"}],"about":[{"href":"https:\/\/kafepanorama.com\/index.php?rest_route=\/wp\/v2\/types\/page"}],"author":[{"embeddable":true,"href":"https:\/\/kafepanorama.com\/index.php?rest_route=\/wp\/v2\/users\/1"}],"replies":[{"embeddable":true,"href":"https:\/\/kafepanorama.com\/index.php?rest_route=%2Fwp%2Fv2%2Fcomments&post=458"}],"version-history":[{"count":1,"href":"https:\/\/kafepanorama.com\/index.php?rest_route=\/wp\/v2\/pages\/458\/revisions"}],"predecessor-version":[{"id":461,"href":"https:\/\/kafepanorama.com\/index.php?rest_route=\/wp\/v2\/pages\/458\/revisions\/461"}],"wp:attachment":[{"href":"https:\/\/kafepanorama.com\/index.php?rest_route=%2Fwp%2Fv2%2Fmedia&parent=458"}],"curies":[{"name":"wp","href":"https:\/\/api.w.org\/{rel}","templated":true}]}}