{"id":449,"date":"2020-08-01T10:13:29","date_gmt":"2020-08-01T10:13:29","guid":{"rendered":"https:\/\/kafepanorama.com\/?page_id=449"},"modified":"2020-08-01T10:13:30","modified_gmt":"2020-08-01T10:13:30","slug":"razvedravanje","status":"publish","type":"page","link":"https:\/\/kafepanorama.com\/?page_id=449","title":{"rendered":"Razvedravanje"},"content":{"rendered":"\n<div class=\"wp-block-image\"><figure class=\"aligncenter size-large\"><img decoding=\"async\" loading=\"lazy\" width=\"518\" height=\"754\" src=\"https:\/\/kafepanorama.com\/wp-content\/uploads\/2020\/08\/Razvedravanje.jpg\" alt=\"\" class=\"wp-image-450\" srcset=\"https:\/\/kafepanorama.com\/wp-content\/uploads\/2020\/08\/Razvedravanje.jpg 518w, https:\/\/kafepanorama.com\/wp-content\/uploads\/2020\/08\/Razvedravanje-206x300.jpg 206w\" sizes=\"(max-width: 518px) 100vw, 518px\" \/><\/figure><\/div>\n\n\n\n<p>autor: <a href=\"https:\/\/kafepanorama.com\/?page_id=387\">Du\u0161ko Bojani\u0107<\/a><\/p>\n\n\n\n<p>dimenzije: 100\u00d770 cm<\/p>\n\n\n\n<p>tehnika: uljani pastel<\/p>\n\n\n\n<p>naziv: Razvedravanje<\/p>\n\n\n\n<p>cena: 410 \u20ac<\/p>\n","protected":false},"excerpt":{"rendered":"<p>autor: Du\u0161ko Bojani\u0107 dimenzije: 100\u00d770 cm tehnika: uljani pastel naziv: Razvedravanje cena: 410 \u20ac<\/p>\n","protected":false},"author":1,"featured_media":0,"parent":0,"menu_order":0,"comment_status":"closed","ping_status":"closed","template":"","meta":[],"_links":{"self":[{"href":"https:\/\/kafepanorama.com\/index.php?rest_route=\/wp\/v2\/pages\/449"}],"collection":[{"href":"https:\/\/kafepanorama.com\/index.php?rest_route=\/wp\/v2\/pages"}],"about":[{"href":"https:\/\/kafepanorama.com\/index.php?rest_route=\/wp\/v2\/types\/page"}],"author":[{"embeddable":true,"href":"https:\/\/kafepanorama.com\/index.php?rest_route=\/wp\/v2\/users\/1"}],"replies":[{"embeddable":true,"href":"https:\/\/kafepanorama.com\/index.php?rest_route=%2Fwp%2Fv2%2Fcomments&post=449"}],"version-history":[{"count":1,"href":"https:\/\/kafepanorama.com\/index.php?rest_route=\/wp\/v2\/pages\/449\/revisions"}],"predecessor-version":[{"id":452,"href":"https:\/\/kafepanorama.com\/index.php?rest_route=\/wp\/v2\/pages\/449\/revisions\/452"}],"wp:attachment":[{"href":"https:\/\/kafepanorama.com\/index.php?rest_route=%2Fwp%2Fv2%2Fmedia&parent=449"}],"curies":[{"name":"wp","href":"https:\/\/api.w.org\/{rel}","templated":true}]}}