{"id":445,"date":"2020-08-01T10:09:18","date_gmt":"2020-08-01T10:09:18","guid":{"rendered":"https:\/\/kafepanorama.com\/?page_id=445"},"modified":"2020-08-01T10:09:18","modified_gmt":"2020-08-01T10:09:18","slug":"okupljanje","status":"publish","type":"page","link":"https:\/\/kafepanorama.com\/?page_id=445","title":{"rendered":"Okupljanje"},"content":{"rendered":"\n<div class=\"wp-block-image\"><figure class=\"aligncenter size-large\"><img decoding=\"async\" loading=\"lazy\" width=\"532\" height=\"660\" src=\"https:\/\/kafepanorama.com\/wp-content\/uploads\/2020\/08\/Okupljanje.jpg\" alt=\"\" class=\"wp-image-446\" srcset=\"https:\/\/kafepanorama.com\/wp-content\/uploads\/2020\/08\/Okupljanje.jpg 532w, https:\/\/kafepanorama.com\/wp-content\/uploads\/2020\/08\/Okupljanje-242x300.jpg 242w\" sizes=\"(max-width: 532px) 100vw, 532px\" \/><\/figure><\/div>\n\n\n\n<p>autor: <a href=\"https:\/\/kafepanorama.com\/?page_id=387\">Du\u0161ko Bojani\u0107<\/a><\/p>\n\n\n\n<p>dimenzije: 100\u00d770 cm<\/p>\n\n\n\n<p>tehnika: uljani pastel<\/p>\n\n\n\n<p>naziv: Okupljanje<\/p>\n\n\n\n<p>cena: 290 \u20ac<\/p>\n","protected":false},"excerpt":{"rendered":"<p>autor: Du\u0161ko Bojani\u0107 dimenzije: 100\u00d770 cm tehnika: uljani pastel naziv: Okupljanje cena: 290 \u20ac<\/p>\n","protected":false},"author":1,"featured_media":0,"parent":0,"menu_order":0,"comment_status":"closed","ping_status":"closed","template":"","meta":[],"_links":{"self":[{"href":"https:\/\/kafepanorama.com\/index.php?rest_route=\/wp\/v2\/pages\/445"}],"collection":[{"href":"https:\/\/kafepanorama.com\/index.php?rest_route=\/wp\/v2\/pages"}],"about":[{"href":"https:\/\/kafepanorama.com\/index.php?rest_route=\/wp\/v2\/types\/page"}],"author":[{"embeddable":true,"href":"https:\/\/kafepanorama.com\/index.php?rest_route=\/wp\/v2\/users\/1"}],"replies":[{"embeddable":true,"href":"https:\/\/kafepanorama.com\/index.php?rest_route=%2Fwp%2Fv2%2Fcomments&post=445"}],"version-history":[{"count":1,"href":"https:\/\/kafepanorama.com\/index.php?rest_route=\/wp\/v2\/pages\/445\/revisions"}],"predecessor-version":[{"id":447,"href":"https:\/\/kafepanorama.com\/index.php?rest_route=\/wp\/v2\/pages\/445\/revisions\/447"}],"wp:attachment":[{"href":"https:\/\/kafepanorama.com\/index.php?rest_route=%2Fwp%2Fv2%2Fmedia&parent=445"}],"curies":[{"name":"wp","href":"https:\/\/api.w.org\/{rel}","templated":true}]}}