{"id":421,"date":"2020-08-01T09:45:24","date_gmt":"2020-08-01T09:45:24","guid":{"rendered":"https:\/\/kafepanorama.com\/?page_id=421"},"modified":"2020-08-01T09:45:25","modified_gmt":"2020-08-01T09:45:25","slug":"predeo-ii","status":"publish","type":"page","link":"https:\/\/kafepanorama.com\/?page_id=421","title":{"rendered":"Predeo II"},"content":{"rendered":"\n<div class=\"wp-block-image\"><figure class=\"aligncenter size-large\"><img decoding=\"async\" loading=\"lazy\" width=\"678\" height=\"483\" src=\"https:\/\/kafepanorama.com\/wp-content\/uploads\/2020\/08\/Predeo-2.jpg\" alt=\"\" class=\"wp-image-422\" srcset=\"https:\/\/kafepanorama.com\/wp-content\/uploads\/2020\/08\/Predeo-2.jpg 678w, https:\/\/kafepanorama.com\/wp-content\/uploads\/2020\/08\/Predeo-2-300x214.jpg 300w\" sizes=\"(max-width: 678px) 100vw, 678px\" \/><\/figure><\/div>\n\n\n\n<p>autor: <a href=\"https:\/\/kafepanorama.com\/?page_id=387\">Du\u0161ko Bojani\u0107<\/a><\/p>\n\n\n\n<p>dimenzije: 42\u00d730 cm<\/p>\n\n\n\n<p>tehnika: uljani pastel<\/p>\n\n\n\n<p>naziv: Predeo II<\/p>\n\n\n\n<p>cena: 220 \u20ac<\/p>\n","protected":false},"excerpt":{"rendered":"<p>autor: Du\u0161ko Bojani\u0107 dimenzije: 42\u00d730 cm tehnika: uljani pastel naziv: Predeo II cena: 220 \u20ac<\/p>\n","protected":false},"author":1,"featured_media":0,"parent":0,"menu_order":0,"comment_status":"closed","ping_status":"closed","template":"","meta":[],"_links":{"self":[{"href":"https:\/\/kafepanorama.com\/index.php?rest_route=\/wp\/v2\/pages\/421"}],"collection":[{"href":"https:\/\/kafepanorama.com\/index.php?rest_route=\/wp\/v2\/pages"}],"about":[{"href":"https:\/\/kafepanorama.com\/index.php?rest_route=\/wp\/v2\/types\/page"}],"author":[{"embeddable":true,"href":"https:\/\/kafepanorama.com\/index.php?rest_route=\/wp\/v2\/users\/1"}],"replies":[{"embeddable":true,"href":"https:\/\/kafepanorama.com\/index.php?rest_route=%2Fwp%2Fv2%2Fcomments&post=421"}],"version-history":[{"count":1,"href":"https:\/\/kafepanorama.com\/index.php?rest_route=\/wp\/v2\/pages\/421\/revisions"}],"predecessor-version":[{"id":423,"href":"https:\/\/kafepanorama.com\/index.php?rest_route=\/wp\/v2\/pages\/421\/revisions\/423"}],"wp:attachment":[{"href":"https:\/\/kafepanorama.com\/index.php?rest_route=%2Fwp%2Fv2%2Fmedia&parent=421"}],"curies":[{"name":"wp","href":"https:\/\/api.w.org\/{rel}","templated":true}]}}