{"id":415,"date":"2020-08-01T09:38:44","date_gmt":"2020-08-01T09:38:44","guid":{"rendered":"https:\/\/kafepanorama.com\/?page_id=415"},"modified":"2020-08-01T09:38:45","modified_gmt":"2020-08-01T09:38:45","slug":"zagonetka","status":"publish","type":"page","link":"https:\/\/kafepanorama.com\/?page_id=415","title":{"rendered":"Zagonetka"},"content":{"rendered":"\n<div class=\"wp-block-image\"><figure class=\"aligncenter size-large\"><img decoding=\"async\" loading=\"lazy\" width=\"380\" height=\"542\" src=\"https:\/\/kafepanorama.com\/wp-content\/uploads\/2020\/08\/Zagonetka.jpg\" alt=\"\" class=\"wp-image-416\" srcset=\"https:\/\/kafepanorama.com\/wp-content\/uploads\/2020\/08\/Zagonetka.jpg 380w, https:\/\/kafepanorama.com\/wp-content\/uploads\/2020\/08\/Zagonetka-210x300.jpg 210w\" sizes=\"(max-width: 380px) 100vw, 380px\" \/><\/figure><\/div>\n\n\n\n<p>autor: <a href=\"https:\/\/kafepanorama.com\/?page_id=387\">Du\u0161ko Bojani\u0107<\/a><\/p>\n\n\n\n<p>dimenzije: 42\u00d730 cm<\/p>\n\n\n\n<p>tehnika: uljani pastel<\/p>\n\n\n\n<p>naziv: Zagonetka<\/p>\n\n\n\n<p>cena: 200 \u20ac<\/p>\n","protected":false},"excerpt":{"rendered":"<p>autor: Du\u0161ko Bojani\u0107 dimenzije: 42\u00d730 cm tehnika: uljani pastel naziv: Zagonetka cena: 200 \u20ac<\/p>\n","protected":false},"author":1,"featured_media":0,"parent":0,"menu_order":0,"comment_status":"closed","ping_status":"closed","template":"","meta":[],"_links":{"self":[{"href":"https:\/\/kafepanorama.com\/index.php?rest_route=\/wp\/v2\/pages\/415"}],"collection":[{"href":"https:\/\/kafepanorama.com\/index.php?rest_route=\/wp\/v2\/pages"}],"about":[{"href":"https:\/\/kafepanorama.com\/index.php?rest_route=\/wp\/v2\/types\/page"}],"author":[{"embeddable":true,"href":"https:\/\/kafepanorama.com\/index.php?rest_route=\/wp\/v2\/users\/1"}],"replies":[{"embeddable":true,"href":"https:\/\/kafepanorama.com\/index.php?rest_route=%2Fwp%2Fv2%2Fcomments&post=415"}],"version-history":[{"count":1,"href":"https:\/\/kafepanorama.com\/index.php?rest_route=\/wp\/v2\/pages\/415\/revisions"}],"predecessor-version":[{"id":419,"href":"https:\/\/kafepanorama.com\/index.php?rest_route=\/wp\/v2\/pages\/415\/revisions\/419"}],"wp:attachment":[{"href":"https:\/\/kafepanorama.com\/index.php?rest_route=%2Fwp%2Fv2%2Fmedia&parent=415"}],"curies":[{"name":"wp","href":"https:\/\/api.w.org\/{rel}","templated":true}]}}