{"id":39,"date":"2020-03-16T22:32:55","date_gmt":"2020-03-16T22:32:55","guid":{"rendered":"https:\/\/kafepanorama.com\/?page_id=39"},"modified":"2022-12-13T20:38:07","modified_gmt":"2022-12-13T20:38:07","slug":"meni","status":"publish","type":"page","link":"https:\/\/kafepanorama.com\/?page_id=39","title":{"rendered":"Meni"},"content":{"rendered":"\n<p>Iz na\u0161eg bogatog menija izdvajamo najpopularnija jela i pi\u0107a, kao \u0161to su:<\/p>\n\n\n\n<ul>\n<li><strong><a href=\"https:\/\/kafepanorama.com\/?p=35\">Pizza<\/a><\/strong><\/li>\n\n\n\n<li><strong><a href=\"https:\/\/kafepanorama.com\/?p=42\">Pala\u010dinke<\/a><\/strong><\/li>\n\n\n\n<li><strong><a href=\"https:\/\/kafepanorama.com\/?p=62\">Sendvi\u010di<\/a><\/strong><\/li>\n\n\n\n<li><strong><a href=\"https:\/\/kafepanorama.com\/?p=114\">Obrok salate<\/a><\/strong><\/li>\n\n\n\n<li><strong><a href=\"https:\/\/kafepanorama.com\/?p=539\">Paste<\/a><\/strong><\/li>\n\n\n\n<li><strong><a href=\"https:\/\/kafepanorama.com\/?p=67\">Kola\u010d dana<\/a><\/strong><\/li>\n\n\n\n<li><strong><a href=\"https:\/\/kafepanorama.com\/?p=175\">Vo\u0107ni kupovi<\/a><\/strong><\/li>\n\n\n\n<li><strong><a href=\"https:\/\/kafepanorama.com\/?p=159\">Kokteli<\/a><\/strong><\/li>\n<\/ul>\n\n\n\n<p>Kompletan meni sa cenama je dostupan na na\u0161oj stranici <a href=\"https:\/\/kafepanorama.com\/?page_id=53\">cenovnik<\/a>.<\/p>\n\n\n\n<p>Stranica posve\u0107ena izradi na\u0161eg novog \u0161tampanog menija na sajtu <a href=\"http:\/\/stamparija.com\/meni-karta-pica-i-jelovnik-kafe.panorama\/\">www.stamparija.com<\/a><\/p>\n\n\n\n<p class=\"has-text-align-center\"> <span style=\"text-decoration: underline;\">Cena u dostavi se razlikuje od cene konzumiranja hrane i pi\u0107a u restoranu!<\/span><\/p>\n","protected":false},"excerpt":{"rendered":"<p>Iz na\u0161eg bogatog menija izdvajamo najpopularnija jela i pi\u0107a, kao \u0161to su: Kompletan meni sa cenama je dostupan na na\u0161oj stranici cenovnik. Stranica posve\u0107ena izradi&hellip;<\/p>\n","protected":false},"author":1,"featured_media":0,"parent":0,"menu_order":1,"comment_status":"closed","ping_status":"closed","template":"","meta":[],"_links":{"self":[{"href":"https:\/\/kafepanorama.com\/index.php?rest_route=\/wp\/v2\/pages\/39"}],"collection":[{"href":"https:\/\/kafepanorama.com\/index.php?rest_route=\/wp\/v2\/pages"}],"about":[{"href":"https:\/\/kafepanorama.com\/index.php?rest_route=\/wp\/v2\/types\/page"}],"author":[{"embeddable":true,"href":"https:\/\/kafepanorama.com\/index.php?rest_route=\/wp\/v2\/users\/1"}],"replies":[{"embeddable":true,"href":"https:\/\/kafepanorama.com\/index.php?rest_route=%2Fwp%2Fv2%2Fcomments&post=39"}],"version-history":[{"count":28,"href":"https:\/\/kafepanorama.com\/index.php?rest_route=\/wp\/v2\/pages\/39\/revisions"}],"predecessor-version":[{"id":785,"href":"https:\/\/kafepanorama.com\/index.php?rest_route=\/wp\/v2\/pages\/39\/revisions\/785"}],"wp:attachment":[{"href":"https:\/\/kafepanorama.com\/index.php?rest_route=%2Fwp%2Fv2%2Fmedia&parent=39"}],"curies":[{"name":"wp","href":"https:\/\/api.w.org\/{rel}","templated":true}]}}