{"id":387,"date":"2020-07-26T12:00:28","date_gmt":"2020-07-26T12:00:28","guid":{"rendered":"https:\/\/kafepanorama.com\/?page_id=387"},"modified":"2021-09-01T17:33:49","modified_gmt":"2021-09-01T17:33:49","slug":"dusko-bojanic","status":"publish","type":"page","link":"https:\/\/kafepanorama.com\/?page_id=387","title":{"rendered":"Du\u0161ko Bojani\u0107"},"content":{"rendered":"\n<div class=\"wp-block-image\"><figure class=\"aligncenter size-large\"><img decoding=\"async\" loading=\"lazy\" width=\"750\" height=\"500\" src=\"https:\/\/kafepanorama.com\/wp-content\/uploads\/2020\/08\/dusko-bojanic.jpg\" alt=\"\" class=\"wp-image-402\" srcset=\"https:\/\/kafepanorama.com\/wp-content\/uploads\/2020\/08\/dusko-bojanic.jpg 750w, https:\/\/kafepanorama.com\/wp-content\/uploads\/2020\/08\/dusko-bojanic-300x200.jpg 300w\" sizes=\"(max-width: 750px) 100vw, 750px\" \/><\/figure><\/div>\n\n\n\n<p>Ro\u0111en je 18. avgusta 1985. godine u Banjaluci. Diplomirao je na Akademiji likovnih umjetnosti u Banjaluci 2016. godine u klasi profesorice Jelene Kari\u0161ik, ugledaju\u0107i se na Ljubicu Soki\u0107, Kandinskog, Miroa i Monea. Inspiraciju za svoje stvarala\u0161tvo pronalazi u svakodnevnom okru\u017eenju u kojem kroz geometrijske i organske dijagrame realnost transponuje u likovni jezik koji ima polazi\u0161te u modernisti\u010dkim pravcima dvadesetog veka.<\/p>\n\n\n\n<p>U procesu stvaranja slike, prvenstveno koriste\u0107i crta\u0107e tehnike: uljani pastel, ugalj i olovke u boji, dok nadogra\u017eivanje i raslojavanje likovnih elemenata posti\u017ee kombinovanjem istih. Bojani\u0107a karakteri\u0161e predilekcija za apstraktni ekspresionizam u slikarstvu. Istovremeno, posve\u0107en je i heraldici, grafici, kaligrafiji, veksilolohiji i etnografskoj tekstilnoj umetnosti. Du\u0161ko tako\u0111e stvara u slu\u017ebi odr\u0111ivog razvoja, jedinstveno povezuju\u0107i umetnost sa odr\u017eivim razvojem.<\/p>\n\n\n\n<p>Dela Du\u0161ka Bojani\u0107a su izlo\u017eena u muzejima, univerzitetima, privatnim kolekcijama, ili su objavljena u publikacijama organizacija, kao \u0161to su Evropski savet za nadarene. Art ambasador je UNESCO kluba na Uverzitetu Sorbona u Parizu.<\/p>\n\n\n\n<p><strong>Radovi koji su bili izlo\u017eeni u Kafe Panorami:<\/strong><\/p>\n\n\n\n<ul><li><a href=\"https:\/\/kafepanorama.com\/?page_id=406\">Hidrofilni pejza\u017e<\/a><\/li><li><a href=\"https:\/\/kafepanorama.com\/?page_id=411\">Susret<\/a><\/li><li><a href=\"https:\/\/kafepanorama.com\/?page_id=415\">Zagonetka<\/a> (PRODATO!)<\/li><li><a href=\"https:\/\/kafepanorama.com\/?page_id=421\">Predeo II<\/a><\/li><li><a href=\"https:\/\/kafepanorama.com\/?page_id=425\">Klijanje II<\/a> (PRODATO!)<\/li><li><a href=\"https:\/\/kafepanorama.com\/?page_id=429\">Klijanje V<\/a><\/li><li><a href=\"https:\/\/kafepanorama.com\/?page_id=433\">Svitanje II<\/a><\/li><li><a href=\"https:\/\/kafepanorama.com\/?page_id=437\">Podne<\/a><\/li><li><a href=\"https:\/\/kafepanorama.com\/?page_id=441\">Oluja<\/a><\/li><li><a href=\"https:\/\/kafepanorama.com\/?page_id=445\">Okupljanje<\/a><\/li><li><a href=\"https:\/\/kafepanorama.com\/?page_id=449\">Razvedravanje<\/a><\/li><li><a href=\"https:\/\/kafepanorama.com\/?page_id=454\">Jato<\/a><\/li><li><a href=\"https:\/\/kafepanorama.com\/?page_id=458\">Sletanje<\/a><\/li><li><a href=\"https:\/\/kafepanorama.com\/?page_id=463\">Kanjon<\/a><\/li><li><a href=\"https:\/\/kafepanorama.com\/?page_id=468\">Oluja III<\/a> (PRODATO!)<\/li><li><a href=\"https:\/\/kafepanorama.com\/?page_id=474\">Jesen<\/a><\/li><li><a href=\"https:\/\/kafepanorama.com\/?page_id=482\">Sazve\u017e\u0111e<\/a> (PRODATO!)<\/li><\/ul>\n","protected":false},"excerpt":{"rendered":"<p>Ro\u0111en je 18. avgusta 1985. godine u Banjaluci. Diplomirao je na Akademiji likovnih umjetnosti u Banjaluci 2016. godine u klasi profesorice Jelene Kari\u0161ik, ugledaju\u0107i se&hellip;<\/p>\n","protected":false},"author":1,"featured_media":0,"parent":0,"menu_order":0,"comment_status":"closed","ping_status":"closed","template":"","meta":[],"_links":{"self":[{"href":"https:\/\/kafepanorama.com\/index.php?rest_route=\/wp\/v2\/pages\/387"}],"collection":[{"href":"https:\/\/kafepanorama.com\/index.php?rest_route=\/wp\/v2\/pages"}],"about":[{"href":"https:\/\/kafepanorama.com\/index.php?rest_route=\/wp\/v2\/types\/page"}],"author":[{"embeddable":true,"href":"https:\/\/kafepanorama.com\/index.php?rest_route=\/wp\/v2\/users\/1"}],"replies":[{"embeddable":true,"href":"https:\/\/kafepanorama.com\/index.php?rest_route=%2Fwp%2Fv2%2Fcomments&post=387"}],"version-history":[{"count":28,"href":"https:\/\/kafepanorama.com\/index.php?rest_route=\/wp\/v2\/pages\/387\/revisions"}],"predecessor-version":[{"id":677,"href":"https:\/\/kafepanorama.com\/index.php?rest_route=\/wp\/v2\/pages\/387\/revisions\/677"}],"wp:attachment":[{"href":"https:\/\/kafepanorama.com\/index.php?rest_route=%2Fwp%2Fv2%2Fmedia&parent=387"}],"curies":[{"name":"wp","href":"https:\/\/api.w.org\/{rel}","templated":true}]}}