{"id":220,"date":"2020-07-01T11:16:12","date_gmt":"2020-07-01T11:16:12","guid":{"rendered":"https:\/\/kafepanorama.com\/?page_id=220"},"modified":"2020-07-01T15:20:17","modified_gmt":"2020-07-01T15:20:17","slug":"earth","status":"publish","type":"page","link":"https:\/\/kafepanorama.com\/?page_id=220","title":{"rendered":"Earth"},"content":{"rendered":"\n<div class=\"wp-block-image\"><figure class=\"aligncenter size-large\"><img decoding=\"async\" loading=\"lazy\" width=\"681\" height=\"1024\" src=\"https:\/\/kafepanorama.com\/wp-content\/uploads\/2020\/07\/Branislav-5-681x1024.jpg\" alt=\"\" class=\"wp-image-221\" srcset=\"https:\/\/kafepanorama.com\/wp-content\/uploads\/2020\/07\/Branislav-5-681x1024.jpg 681w, https:\/\/kafepanorama.com\/wp-content\/uploads\/2020\/07\/Branislav-5-199x300.jpg 199w, https:\/\/kafepanorama.com\/wp-content\/uploads\/2020\/07\/Branislav-5-768x1156.jpg 768w, https:\/\/kafepanorama.com\/wp-content\/uploads\/2020\/07\/Branislav-5-1021x1536.jpg 1021w, https:\/\/kafepanorama.com\/wp-content\/uploads\/2020\/07\/Branislav-5-1361x2048.jpg 1361w, https:\/\/kafepanorama.com\/wp-content\/uploads\/2020\/07\/Branislav-5.jpg 1381w\" sizes=\"(max-width: 681px) 100vw, 681px\" \/><\/figure><\/div>\n\n\n\n<p>autor: <a href=\"https:\/\/kafepanorama.com\/?page_id=192\">Branislav \u0160o\u0161i\u0107<\/a><\/p>\n\n\n\n<p>dimenzije: 150x100x2 cm<\/p>\n\n\n\n<p>tehnika: ulje <\/p>\n\n\n\n<p>naziv: Earth <\/p>\n\n\n\n<p>cena: 1.320 \u20ac<\/p>\n","protected":false},"excerpt":{"rendered":"<p>autor: Branislav \u0160o\u0161i\u0107 dimenzije: 150x100x2 cm tehnika: ulje naziv: Earth cena: 1.320 \u20ac<\/p>\n","protected":false},"author":1,"featured_media":0,"parent":0,"menu_order":0,"comment_status":"closed","ping_status":"closed","template":"","meta":[],"_links":{"self":[{"href":"https:\/\/kafepanorama.com\/index.php?rest_route=\/wp\/v2\/pages\/220"}],"collection":[{"href":"https:\/\/kafepanorama.com\/index.php?rest_route=\/wp\/v2\/pages"}],"about":[{"href":"https:\/\/kafepanorama.com\/index.php?rest_route=\/wp\/v2\/types\/page"}],"author":[{"embeddable":true,"href":"https:\/\/kafepanorama.com\/index.php?rest_route=\/wp\/v2\/users\/1"}],"replies":[{"embeddable":true,"href":"https:\/\/kafepanorama.com\/index.php?rest_route=%2Fwp%2Fv2%2Fcomments&post=220"}],"version-history":[{"count":3,"href":"https:\/\/kafepanorama.com\/index.php?rest_route=\/wp\/v2\/pages\/220\/revisions"}],"predecessor-version":[{"id":240,"href":"https:\/\/kafepanorama.com\/index.php?rest_route=\/wp\/v2\/pages\/220\/revisions\/240"}],"wp:attachment":[{"href":"https:\/\/kafepanorama.com\/index.php?rest_route=%2Fwp%2Fv2%2Fmedia&parent=220"}],"curies":[{"name":"wp","href":"https:\/\/api.w.org\/{rel}","templated":true}]}}