{"id":210,"date":"2020-07-01T11:05:36","date_gmt":"2020-07-01T11:05:36","guid":{"rendered":"https:\/\/kafepanorama.com\/?page_id=210"},"modified":"2020-07-01T15:21:15","modified_gmt":"2020-07-01T15:21:15","slug":"ready","status":"publish","type":"page","link":"https:\/\/kafepanorama.com\/?page_id=210","title":{"rendered":"Ready"},"content":{"rendered":"\n<div class=\"wp-block-image\"><figure class=\"aligncenter size-large\"><img decoding=\"async\" loading=\"lazy\" width=\"767\" height=\"1024\" src=\"https:\/\/kafepanorama.com\/wp-content\/uploads\/2020\/07\/Branislav-3-767x1024.jpg\" alt=\"\" class=\"wp-image-211\" srcset=\"https:\/\/kafepanorama.com\/wp-content\/uploads\/2020\/07\/Branislav-3-767x1024.jpg 767w, https:\/\/kafepanorama.com\/wp-content\/uploads\/2020\/07\/Branislav-3-225x300.jpg 225w, https:\/\/kafepanorama.com\/wp-content\/uploads\/2020\/07\/Branislav-3-768x1025.jpg 768w, https:\/\/kafepanorama.com\/wp-content\/uploads\/2020\/07\/Branislav-3-1151x1536.jpg 1151w, https:\/\/kafepanorama.com\/wp-content\/uploads\/2020\/07\/Branislav-3.jpg 1382w\" sizes=\"(max-width: 767px) 100vw, 767px\" \/><\/figure><\/div>\n\n\n\n<p>autor: <a href=\"https:\/\/kafepanorama.com\/?page_id=192\">Branislav \u0160o\u0161i\u0107<\/a><\/p>\n\n\n\n<p>dimenzije: 150x200x2 cm<\/p>\n\n\n\n<p>tehnika: ulje <\/p>\n\n\n\n<p>naziv: Ready <\/p>\n\n\n\n<p>cena: 1.980 \u20ac<\/p>\n","protected":false},"excerpt":{"rendered":"<p>autor: Branislav \u0160o\u0161i\u0107 dimenzije: 150x200x2 cm tehnika: ulje naziv: Ready cena: 1.980 \u20ac<\/p>\n","protected":false},"author":1,"featured_media":0,"parent":0,"menu_order":0,"comment_status":"closed","ping_status":"closed","template":"","meta":[],"_links":{"self":[{"href":"https:\/\/kafepanorama.com\/index.php?rest_route=\/wp\/v2\/pages\/210"}],"collection":[{"href":"https:\/\/kafepanorama.com\/index.php?rest_route=\/wp\/v2\/pages"}],"about":[{"href":"https:\/\/kafepanorama.com\/index.php?rest_route=\/wp\/v2\/types\/page"}],"author":[{"embeddable":true,"href":"https:\/\/kafepanorama.com\/index.php?rest_route=\/wp\/v2\/users\/1"}],"replies":[{"embeddable":true,"href":"https:\/\/kafepanorama.com\/index.php?rest_route=%2Fwp%2Fv2%2Fcomments&post=210"}],"version-history":[{"count":3,"href":"https:\/\/kafepanorama.com\/index.php?rest_route=\/wp\/v2\/pages\/210\/revisions"}],"predecessor-version":[{"id":242,"href":"https:\/\/kafepanorama.com\/index.php?rest_route=\/wp\/v2\/pages\/210\/revisions\/242"}],"wp:attachment":[{"href":"https:\/\/kafepanorama.com\/index.php?rest_route=%2Fwp%2Fv2%2Fmedia&parent=210"}],"curies":[{"name":"wp","href":"https:\/\/api.w.org\/{rel}","templated":true}]}}