{"id":203,"date":"2020-07-01T10:59:34","date_gmt":"2020-07-01T10:59:34","guid":{"rendered":"https:\/\/kafepanorama.com\/?page_id=203"},"modified":"2020-07-01T15:20:26","modified_gmt":"2020-07-01T15:20:26","slug":"frizer","status":"publish","type":"page","link":"https:\/\/kafepanorama.com\/?page_id=203","title":{"rendered":"Frizer"},"content":{"rendered":"\n<div class=\"wp-block-image\"><figure class=\"aligncenter size-large\"><img decoding=\"async\" loading=\"lazy\" width=\"683\" height=\"1024\" src=\"https:\/\/kafepanorama.com\/wp-content\/uploads\/2020\/07\/Branislav-2-1-683x1024.jpg\" alt=\"\" class=\"wp-image-205\" srcset=\"https:\/\/kafepanorama.com\/wp-content\/uploads\/2020\/07\/Branislav-2-1-683x1024.jpg 683w, https:\/\/kafepanorama.com\/wp-content\/uploads\/2020\/07\/Branislav-2-1-200x300.jpg 200w, https:\/\/kafepanorama.com\/wp-content\/uploads\/2020\/07\/Branislav-2-1-768x1152.jpg 768w, https:\/\/kafepanorama.com\/wp-content\/uploads\/2020\/07\/Branislav-2-1-1024x1536.jpg 1024w, https:\/\/kafepanorama.com\/wp-content\/uploads\/2020\/07\/Branislav-2-1-1366x2048.jpg 1366w, https:\/\/kafepanorama.com\/wp-content\/uploads\/2020\/07\/Branislav-2-1.jpg 1377w\" sizes=\"(max-width: 683px) 100vw, 683px\" \/><\/figure><\/div>\n\n\n\n<p>autor: <a href=\"https:\/\/kafepanorama.com\/?page_id=192\">Branislav \u0160o\u0161i\u0107<\/a><\/p>\n\n\n\n<p>dimenzije: 140x100x2 cm <\/p>\n\n\n\n<p>tehnika: ulje <\/p>\n\n\n\n<p>naziv: Frizer <\/p>\n\n\n\n<p>cena: 1.320 \u20ac<\/p>\n","protected":false},"excerpt":{"rendered":"<p>autor: Branislav \u0160o\u0161i\u0107 dimenzije: 140x100x2 cm tehnika: ulje naziv: Frizer cena: 1.320 \u20ac<\/p>\n","protected":false},"author":1,"featured_media":0,"parent":0,"menu_order":0,"comment_status":"closed","ping_status":"closed","template":"","meta":[],"_links":{"self":[{"href":"https:\/\/kafepanorama.com\/index.php?rest_route=\/wp\/v2\/pages\/203"}],"collection":[{"href":"https:\/\/kafepanorama.com\/index.php?rest_route=\/wp\/v2\/pages"}],"about":[{"href":"https:\/\/kafepanorama.com\/index.php?rest_route=\/wp\/v2\/types\/page"}],"author":[{"embeddable":true,"href":"https:\/\/kafepanorama.com\/index.php?rest_route=\/wp\/v2\/users\/1"}],"replies":[{"embeddable":true,"href":"https:\/\/kafepanorama.com\/index.php?rest_route=%2Fwp%2Fv2%2Fcomments&post=203"}],"version-history":[{"count":3,"href":"https:\/\/kafepanorama.com\/index.php?rest_route=\/wp\/v2\/pages\/203\/revisions"}],"predecessor-version":[{"id":241,"href":"https:\/\/kafepanorama.com\/index.php?rest_route=\/wp\/v2\/pages\/203\/revisions\/241"}],"wp:attachment":[{"href":"https:\/\/kafepanorama.com\/index.php?rest_route=%2Fwp%2Fv2%2Fmedia&parent=203"}],"curies":[{"name":"wp","href":"https:\/\/api.w.org\/{rel}","templated":true}]}}