{"id":189,"date":"2020-06-30T11:15:38","date_gmt":"2020-06-30T11:15:38","guid":{"rendered":"https:\/\/kafepanorama.com\/?page_id=189"},"modified":"2020-07-17T11:54:57","modified_gmt":"2020-07-17T11:54:57","slug":"galerija-milan-pantelic","status":"publish","type":"page","link":"https:\/\/kafepanorama.com\/?page_id=189","title":{"rendered":"Milan Panteli\u0107"},"content":{"rendered":"\n<div class=\"wp-block-image\"><figure class=\"aligncenter size-large is-resized\"><img decoding=\"async\" loading=\"lazy\" src=\"https:\/\/kafepanorama.com\/wp-content\/uploads\/2020\/07\/3550-1529232088.jpg\" alt=\"\" class=\"wp-image-229\" width=\"486\" height=\"228\" srcset=\"https:\/\/kafepanorama.com\/wp-content\/uploads\/2020\/07\/3550-1529232088.jpg 1000w, https:\/\/kafepanorama.com\/wp-content\/uploads\/2020\/07\/3550-1529232088-300x141.jpg 300w, https:\/\/kafepanorama.com\/wp-content\/uploads\/2020\/07\/3550-1529232088-768x362.jpg 768w\" sizes=\"(max-width: 486px) 100vw, 486px\" \/><\/figure><\/div>\n\n\n\n<p>Ro\u017een 1986. godine u \u0160apcu. Diplomirao na fakultetu primenjenih umetnosti u Beogradu 2010. godine. Doktorirao 2018. godine na Fakultetu primenjenih umetnosti u Beogradu, odsek primenjeno slikarstvo. Od 2013. godine radi kao saradnik u nastavi na Fakultetu primenjenih umetnosti u Beogradu, odsek primenjeno slikarstvo. Vi\u0161e puta izlagao samostalno i u\u010destvovao na brojnim kolektivnim izlo\u017ebama i zna\u010dajnim likovnim kolonijama u zemlji i inostranstvu. Do sada realizovao devet javnih radova. \u017divi i radi u Beogradu.<\/p>\n\n\n\n<p><strong>Samostalne izlo\u017ebe:<\/strong><\/p>\n\n\n\n<ul><li>2018. Izlo\u017eba slika &#8222;Transformacija stvarnosti u sliku&#8220;, Prodajna galerija Beograd<\/li><li>2018. Izlo\u017eba slika, galerija Sreten Stojanovi\u0107, Prijedor, Bosna i Hercegovina<\/li><li>2017. Izlo\u017eba slika &#8222;Transformacija stvarnosti u sliku&#8220;, Narodni muzej u \u0160apcu<\/li><li>2014. Izlo\u017eba slika i objekata &#8222;Industrijalizacija portreta&#8220;, Galerija Ze\u010devi\u0107, Beograd<\/li><li>2014. Izlo\u017eba slika i objekata &#8222;Komunikacija&#8220;, Galerija Art 55, Ni\u0161<\/li><li>2014. Izlo\u017eba slika &#8222;Dijalog&#8220;, Kulturni centar \u0160abac<\/li><li>2014. Izlo\u017eba slika &#8222;Industrijalizacija portreta&#8220;, Centar za kulturu Gradac, Ra\u0161ka<\/li><li>2014. Izlo\u017eba slika, Centar za kulturu Kovin<\/li><\/ul>\n\n\n\n<p><strong>Grupne izlo\u017ebe:<\/strong><\/p>\n\n\n\n<ul><li>2018. Umetni\u010dka kolonija Mile\u0161eva, 44. saziv, Prijepolje<\/li><li>2018. Izlo\u017eba crte\u017ea, Kulturni centar \u0160abac<\/li><li>2017. Ni\u0161ki crte\u017e, Glaerija SLU, Ni\u0161<\/li><li>2016. Me\u0111unarodni slikarski simpozijum, KC Zvije\u017enic, Poljska<\/li><li>2016. Likovna kolonija Si\u0107evo, 52. saziv, Galerija savremene likovne umetnosti Ni\u0161<\/li><li>2016. 60. Oktobarski salon, Narodni muzej u \u0160apcu<\/li><li>2016. Me\u0111unarodno Bijenale Umetnosti Minijature, Gornji Milanovac<\/li><li>2015. 59. Oktobarski salon, Narodni muzej u \u0160apcu<\/li><li>2015. Salon mladih, Galerija MMC, Novi Pazar<\/li><li>2014. Ni\u0161ki crte\u017e, Galerija Srbija, Ni\u0161<\/li><li>2014. Likovni salon 30&#215;30, Kulturni centar Zrenjanin<\/li><li>2014. Belgrade Open Art, Kulturni centar Beograd<\/li><li>2014. Me\u0111unarodno bijenale akvarela, Galerija A, Beograd<\/li><li>2014. Art market, Ku\u0107a kralja Petra, Beograd<\/li><li>2013. Me\u0111unarodni simpozijum Forma viva Makole, Slovenija<\/li><li>2013. Likovna kolonija, Galerija MMC, Novi Pazar<\/li><li>2012. Me\u0111unarodno bijenale akvarela, Galerija RTS, Beograd<\/li><li>2012. Telo, Galrija Magacin, Beograd<\/li><li>2010. Otisak u kameni, Galerija SKC, Beograd<\/li><li>2010. Tehnike zidnog slikarstva, Narodni muzej u Kraljevu<\/li><li>2010. Me\u0111unarodno bijenale mozaika, SKC, Beograd<\/li><li>2020. \u0160.U.N.D., galerija Art centar, Beograd<\/li><li>2010. Prole\u0107na izlo\u017eba, Kulturni centar \u0160abac<\/li><li>2010. Minimummaximum2religija, Banja Luka, Bosna i Hercegovina<\/li><li>2010. Zemunski salon, Galerija Stara Kapetanija, Zemun<\/li><li>2009. Mozaik malog formata, Galerija Feniks, Beograd<\/li><\/ul>\n\n\n\n<p><strong>Nagrade:<\/strong><\/p>\n\n\n\n<ul><li>2016. Stipendija Ministarstva prosvete, nauke i tehnolo\u0161kog razvoja za izuzetno nadarene studente doktorskih studija<\/li><li>2015. Prva nagrada 59. Oktobarskog salona, Narodni muzej u \u0160apcu<\/li><li>2015. Tre\u0107a nagrada, Likovni salon mladih, Galerija MMC, Novi Pazar<\/li><li>2014. Druga nagrada, Likovni salon 30&#215;30, Kulturni centar Zrenjanin<\/li><li>2013. Posebno priznanje za najbolje ostvareno umetni\u010dko delo, Me\u0111unarodni slikarsko-vajarski simpozijum Forma viva Makole, Slovenija<\/li><li>2010. Prva nagrada za mozaik, Me\u0111unarodni sajam kamena, Kragujevac<\/li><\/ul>\n\n\n\n<p><strong>Radovi izlo\u017eeni u Kafe Panorami:<\/strong><\/p>\n\n\n\n<ul><li><a href=\"https:\/\/kafepanorama.com\/?page_id=261\">Bez naziva<\/a><\/li><li><a href=\"https:\/\/kafepanorama.com\/?page_id=357\">Grafika 1<\/a><\/li><li><a href=\"https:\/\/kafepanorama.com\/?page_id=360\">Grafika 2<\/a><\/li><\/ul>\n","protected":false},"excerpt":{"rendered":"<p>Ro\u017een 1986. godine u \u0160apcu. Diplomirao na fakultetu primenjenih umetnosti u Beogradu 2010. godine. Doktorirao 2018. godine na Fakultetu primenjenih umetnosti u Beogradu, odsek primenjeno&hellip;<\/p>\n","protected":false},"author":1,"featured_media":0,"parent":0,"menu_order":0,"comment_status":"closed","ping_status":"closed","template":"","meta":[],"_links":{"self":[{"href":"https:\/\/kafepanorama.com\/index.php?rest_route=\/wp\/v2\/pages\/189"}],"collection":[{"href":"https:\/\/kafepanorama.com\/index.php?rest_route=\/wp\/v2\/pages"}],"about":[{"href":"https:\/\/kafepanorama.com\/index.php?rest_route=\/wp\/v2\/types\/page"}],"author":[{"embeddable":true,"href":"https:\/\/kafepanorama.com\/index.php?rest_route=\/wp\/v2\/users\/1"}],"replies":[{"embeddable":true,"href":"https:\/\/kafepanorama.com\/index.php?rest_route=%2Fwp%2Fv2%2Fcomments&post=189"}],"version-history":[{"count":10,"href":"https:\/\/kafepanorama.com\/index.php?rest_route=\/wp\/v2\/pages\/189\/revisions"}],"predecessor-version":[{"id":362,"href":"https:\/\/kafepanorama.com\/index.php?rest_route=\/wp\/v2\/pages\/189\/revisions\/362"}],"wp:attachment":[{"href":"https:\/\/kafepanorama.com\/index.php?rest_route=%2Fwp%2Fv2%2Fmedia&parent=189"}],"curies":[{"name":"wp","href":"https:\/\/api.w.org\/{rel}","templated":true}]}}